{"id":201,"date":"2022-10-23T19:31:00","date_gmt":"2022-10-23T16:31:00","guid":{"rendered":"https:\/\/konna.info\/wp\/?page_id=201"},"modified":"2022-11-19T15:26:56","modified_gmt":"2022-11-19T13:26:56","slug":"kaytanto","status":"publish","type":"page","link":"https:\/\/konna.info\/wp\/kaytanto\/","title":{"rendered":"K\u00e4yt\u00e4nt\u00f6"},"content":{"rendered":"\n<p><\/p>\n\n\n\n<h2>Pelipaikka<\/h2>\n\n\n\n<p>Konnakoulu pelataan Loviisassa sijaitsevalla huvilalla. Alueella sijaitsee useita eri rakennuksia ja ulkoalueita, joita hy\u00f6dynnet\u00e4\u00e4n pelin aikana.<\/p>\n\n\n\n<p>Majoitus tapahtuu p\u00e4\u00e4s\u00e4\u00e4nt\u00f6isesti jaetuissa huoneissa tai tiloissa patjoilla. Halutessaan my\u00f6s ulkona voi majoittua teltassa tai riippumatossa.<\/p>\n\n\n\n<ul><li>Ulkoalueilla ei ole kattavaa ulkovalaistusta tai kivettyj\u00e4 kulkureittej\u00e4.<\/li><li>Osa pelist\u00e4 voi tapahtua my\u00f6s h\u00e4m\u00e4r\u00e4n tai pime\u00e4n aikaan.<\/li><li>Kiinteist\u00f6n rakennukset ovat esteellisi\u00e4, mm. rakennuksien sis\u00e4\u00e4nk\u00e4ynnit ovat portaallisia ja sis\u00e4tilojen portaissa ei ole kaiteita.<\/li><li>Osa ulkona tapahtuvasta pelist\u00e4 voi tapahtua mets\u00e4ss\u00e4, pellolla, nurmella tai soratiell\u00e4.<\/li><\/ul>\n\n\n\n<h2>Aikataulu<\/h2>\n\n\n\n<p>S03E01: pe ilta-su iltap\u00e4iv\u00e4 28.-30.4.2023<\/p>\n\n\n\n<p>S03E02: pe ilta-su iltap\u00e4iv\u00e4 5.-7.5.2023<\/p>\n\n\n\n<p>Pelipaikalla on oltava perjantaina klo 19 menness\u00e4. Perjantai-iltana on joitain ty\u00f6pajoja peliss\u00e4 k\u00e4ytett\u00e4vien metatekniikkojen tueksi.<\/p>\n\n\n\n<p>Sunnuntaina pelipaikalta voi poistua klo 14 j\u00e4lkeen.<\/p>\n\n\n\n<h2><br>Ruokailu<\/h2>\n\n\n\n<p>Peliviikonlopun aikana tarjoamme<\/p>\n\n\n\n<ul><li>perjantaina iltapalan<\/li><li>lauantaina aamupalan, lounaan, p\u00e4iv\u00e4llisen ja iltapalan<\/li><li>sunnuntaina aamupalan ja lounaan.<\/li><\/ul>\n\n\n\n<p>Ruoka on luonteeltaan tavallista arkiruokaa. Tyypillisimm\u00e4t ruokavaliot (mm. kasvis, laktoositon, vegaani ja FODMAP) ja allergiat (mm. sitrukset, p\u00e4hkin\u00e4t, kala) pystymme huomioimaan ruokatarjoilussa.<\/p>\n\n\n\n<p>Emme v\u00e4ltt\u00e4m\u00e4tt\u00e4 pysty tarjoamaan ruokailuja kaikkiin erikoistilanteisiin, esim. gluteenitonta ilman kontaminoitumisriski\u00e4. Pyrimme l\u00f6yt\u00e4m\u00e4\u00e4n ratkaisuja, mutta peliin on mahdollista tulla my\u00f6s omin ruuin.<\/p>\n\n\n\n<p>Pelaajien kannattaa tuoda omat v\u00e4lipalat, herkkunsa ja erityiset mieliteot mukanaan.<\/p>\n\n\n\n<h2><br>Saapuminen<\/h2>\n\n\n\n<p>Pelipaikalle on mahdollista saapua kaksipy\u00f6r\u00e4isell\u00e4, omalla autolla tai vaikka veneell\u00e4 laituriin.<\/p>\n\n\n\n<p>L\u00e4himm\u00e4t s\u00e4\u00e4nn\u00f6lliset julkisen liikenteen yhteydet saapuvat Porvooseen sek\u00e4 bussipys\u00e4keille &#8216;Vanhakyl\u00e4 Vt 7&#8217; Kuninkaantien ABC:n liittym\u00e4ss\u00e4. N\u00e4ist\u00e4 on ajomatkaa pelipaikalle 30-45min, mutta pelinjohto on varautunut hakemaan pelaajat Porvoosta tai ABC:lt\u00e4 tarvittaessa.<\/p>\n\n\n\n<h2><br>Pelisis\u00e4lt\u00f6 ja sen mukauttaminen<\/h2>\n\n\n\n<p>Pelin luonteen takia on t\u00e4ysin luontevaa, etteiv\u00e4t kaikki hahmot tee kaikkea tai jokin asia pit\u00e4\u00e4 ratkaista hahmon rajoitteet huomioon ottaen. Peliin voi olla mahdollista osallistua my\u00f6s avustajan kanssa.<\/p>\n\n\n\n<p>Jos mietit pelin soveltuvuutta tai saavutettavuutta omalla kohdallasi, voit olla yhteydess\u00e4 pelinjohtoon s\u00e4hk\u00f6postilla. Pyrimme mukauttamaan ja huomioimaan erilaiset rajoitteet mahdollisuuksien mukaan.<\/p>\n\n\n\n<h2><br>Off-game tilat pelin aikana<\/h2>\n\n\n\n<p>Peliss\u00e4 tulee olemaan verrattaen paljon ohjattua toimintaa, mutta kaikki pelinj\u00e4rjest\u00e4jien taholta tarjottu sis\u00e4lt\u00f6 on opt-out periaatteella, eli kohtauksista saa poistua tai j\u00e4tt\u00e4\u00e4 osallistumatta oman tahdon ja jaksamisen mukaan.<\/p>\n\n\n\n<p>Pelin aikana on k\u00e4yt\u00f6ss\u00e4 off-game tiloja, joita voi hy\u00f6dynt\u00e4\u00e4, kun haluaa poistua pelist\u00e4 hetkeksi. Tilat ovat ik\u00e4v\u00e4 kyll\u00e4 rajalliset, joten tarpeetonta oleilua off-game alueilla tulee pyrki\u00e4 v\u00e4ltt\u00e4m\u00e4\u00e4n. Pelialueella on my\u00f6s paljon tilaa, jossa ei pelata jatkuvasti, joten rauhallisen paikan l\u00f6yt\u00e4minen my\u00f6s in-game on todenn\u00e4k\u00f6isesti mahdollista, mik\u00e4li oma tilanne ei vaadi kokonaan pelialueelta poistumista.<\/p>\n\n\n\n<p>Mik\u00e4li haluaa jutella toisen pelaajan kanssa off-game, tulee t\u00e4m\u00e4 tehd\u00e4 jossain et\u00e4\u00e4mm\u00e4ll\u00e4 muiden aktiivisesta pelaamisesta. On hyv\u00e4 esimerkiksi sanoa ensin \u201coff-game\u201d ennen kuin sanoa asiansa, jotta vastapelaaja tiet\u00e4\u00e4, ett\u00e4 asiasi koskee h\u00e4nt\u00e4 pelaajana eik\u00e4 hahmona.<\/p>\n\n\n\n<h2>Metatekniikat; black box<\/h2>\n\n\n\n<p>Peliss\u00e4 tulee olemaan black box-tila, joka on metapelialue. T\u00e4\u00e4ll\u00e4 pelataan kohtauksia, jotka eiv\u00e4t tapahtu pelin varsinaisen kronologisen jatkumon tai maantieteellisen sijainnin puitteissa. Black box -kohtaukset pelataan vapaamuotoisemmin roolipelaten ja pelialue ei tyypillisesti sis\u00e4ll\u00e4 samoja fyysisi\u00e4 puitteita kuin mit\u00e4 sen kuvitellaan k\u00e4sitt\u00e4v\u00e4n.<\/p>\n\n\n\n<p><br>Jokainen black box -kohtaus kuvaillaan kohtausta ennen ja ne ovat osittain pelinj\u00e4rjest\u00e4j\u00e4vetoisia.<\/p>\n","protected":false},"excerpt":{"rendered":"<p>Pelipaikka Konnakoulu pelataan Loviisassa sijaitsevalla huvilalla. Alueella sijaitsee useita eri rakennuksia ja ulkoalueita, joita hy\u00f6dynnet\u00e4\u00e4n pelin aikana. Majoitus tapahtuu p\u00e4\u00e4s\u00e4\u00e4nt\u00f6isesti jaetuissa huoneissa tai tiloissa patjoilla. Halutessaan my\u00f6s ulkona voi majoittua teltassa tai riippumatossa. Ulkoalueilla ei ole kattavaa ulkovalaistusta tai kivettyj\u00e4 kulkureittej\u00e4. Osa pelist\u00e4 voi tapahtua my\u00f6s h\u00e4m\u00e4r\u00e4n tai pime\u00e4n aikaan. Kiinteist\u00f6n rakennukset ovat esteellisi\u00e4, mm. [&hellip;]<\/p>\n","protected":false},"author":1,"featured_media":0,"parent":0,"menu_order":0,"comment_status":"closed","ping_status":"closed","template":"","meta":[],"_links":{"self":[{"href":"https:\/\/konna.info\/wp\/wp-json\/wp\/v2\/pages\/201"}],"collection":[{"href":"https:\/\/konna.info\/wp\/wp-json\/wp\/v2\/pages"}],"about":[{"href":"https:\/\/konna.info\/wp\/wp-json\/wp\/v2\/types\/page"}],"author":[{"embeddable":true,"href":"https:\/\/konna.info\/wp\/wp-json\/wp\/v2\/users\/1"}],"replies":[{"embeddable":true,"href":"https:\/\/konna.info\/wp\/wp-json\/wp\/v2\/comments?post=201"}],"version-history":[{"count":9,"href":"https:\/\/konna.info\/wp\/wp-json\/wp\/v2\/pages\/201\/revisions"}],"predecessor-version":[{"id":250,"href":"https:\/\/konna.info\/wp\/wp-json\/wp\/v2\/pages\/201\/revisions\/250"}],"wp:attachment":[{"href":"https:\/\/konna.info\/wp\/wp-json\/wp\/v2\/media?parent=201"}],"curies":[{"name":"wp","href":"https:\/\/api.w.org\/{rel}","templated":true}]}}