{"id":27,"date":"2015-02-05T13:00:17","date_gmt":"2015-02-05T11:00:17","guid":{"rendered":"https:\/\/konna.info\/wp\/?page_id=27"},"modified":"2016-05-26T13:41:01","modified_gmt":"2016-05-26T10:41:01","slug":"ilmoittautuminen-2","status":"publish","type":"page","link":"https:\/\/konna.info\/wp\/ilmoittautuminen-2\/","title":{"rendered":"Ilmoittautuminen"},"content":{"rendered":"<p>Konna.info II peliin otetaan n. 50 varsinaista hahmoa, n. 15-20 one-shot hahmoa ja 5-10\u00a0avustajaa.Etusijalla olivat pelin ensimm\u00e4isen tuotantokauden pelaajat.<\/p>\n<p>Varsinainen peliin ilmoittautuminen on sulkeutunut. Varasijoille voi hakea oheisella\u00a0<span style=\"color: #000080;\"><a style=\"color: #000080;\" href=\"https:\/\/docs.google.com\/forms\/d\/1z1ndVXXqPv9XD8hO8ruSArH4Vq3P494UFceperfMg8Q\/viewform\">lomakkeella<\/a><\/span>.<\/p>\n<p>Olethan tutustunut peli\u00e4 koskevaan k\u00e4yt\u00e4nn\u00f6n info-osioon ennen ilmoittautumista? Pelaajat valitaan 10.6.2016 menness\u00e4 ja kaikille ilmoittautuneille ilmoitetaan ovatko he tulleet valituiksi peliin.<\/p>\n","protected":false},"excerpt":{"rendered":"<p>Konna.info II peliin otetaan n. 50 varsinaista hahmoa, n. 15-20 one-shot hahmoa ja 5-10\u00a0avustajaa.Etusijalla olivat pelin ensimm\u00e4isen tuotantokauden pelaajat. Varsinainen peliin ilmoittautuminen on sulkeutunut. Varasijoille voi hakea oheisella\u00a0lomakkeella. Olethan tutustunut peli\u00e4 koskevaan k\u00e4yt\u00e4nn\u00f6n info-osioon ennen ilmoittautumista? Pelaajat valitaan 10.6.2016 menness\u00e4 ja kaikille ilmoittautuneille ilmoitetaan ovatko he tulleet valituiksi peliin.<\/p>\n","protected":false},"author":1,"featured_media":0,"parent":0,"menu_order":0,"comment_status":"closed","ping_status":"closed","template":"","meta":[],"_links":{"self":[{"href":"https:\/\/konna.info\/wp\/wp-json\/wp\/v2\/pages\/27"}],"collection":[{"href":"https:\/\/konna.info\/wp\/wp-json\/wp\/v2\/pages"}],"about":[{"href":"https:\/\/konna.info\/wp\/wp-json\/wp\/v2\/types\/page"}],"author":[{"embeddable":true,"href":"https:\/\/konna.info\/wp\/wp-json\/wp\/v2\/users\/1"}],"replies":[{"embeddable":true,"href":"https:\/\/konna.info\/wp\/wp-json\/wp\/v2\/comments?post=27"}],"version-history":[{"count":10,"href":"https:\/\/konna.info\/wp\/wp-json\/wp\/v2\/pages\/27\/revisions"}],"predecessor-version":[{"id":155,"href":"https:\/\/konna.info\/wp\/wp-json\/wp\/v2\/pages\/27\/revisions\/155"}],"wp:attachment":[{"href":"https:\/\/konna.info\/wp\/wp-json\/wp\/v2\/media?parent=27"}],"curies":[{"name":"wp","href":"https:\/\/api.w.org\/{rel}","templated":true}]}}